{"id":5,"date":"2017-12-21T13:37:45","date_gmt":"2017-12-21T13:37:45","guid":{"rendered":"http:\/\/mybeautytech.dev\/?page_id=5"},"modified":"2018-03-14T06:54:17","modified_gmt":"2018-03-14T06:54:17","slug":"home","status":"publish","type":"page","link":"https:\/\/mybeautytech.com\/vi\/","title":{"rendered":"Home &#8211; Viet"},"content":{"rendered":"<div class=\"headings-col\">\n<div class=\"section-heading\">\n<h3>B\u1ea1n c\u00f3 mu\u1ed1n nhi\u1ec1u kh\u00e1ch h\u00e0ng \u0111\u1ebfn v\u1edbi b\u1ea1n h\u01a1n v\u00e0 doanh thu c\u1ee7a b\u1ea1n cao h\u01a1n?<\/h3>\n<\/div>\n<\/div>\n<div class=\"section-content\">\n<p>My Beauty Tech l\u00e0 gi\u1ea3i ph\u00e1p ti\u1ebfp th\u1ecb \u0111\u01a1n gi\u1ea3n nh\u1ea5t v\u00e0 c\u1ef1c k\u00ec hi\u1ec7u qu\u1ea3 cho ng\u00e0nh c\u00f4ng nghi\u1ec7p l\u00e0m \u0111\u1eb9p.<\/p>\n<\/div>","protected":false},"excerpt":{"rendered":"<p>B\u1ea1n c\u00f3 mu\u1ed1n nhi\u1ec1u kh\u00e1ch h\u00e0ng \u0111\u1ebfn v\u1edbi b\u1ea1n h\u01a1n v\u00e0 doanh thu c\u1ee7a b\u1ea1n cao h\u01a1n? My Beauty Tech l\u00e0 gi\u1ea3i ph\u00e1p ti\u1ebfp th\u1ecb&#8230;<\/p>\n","protected":false},"author":1,"featured_media":0,"parent":0,"menu_order":0,"comment_status":"closed","ping_status":"closed","template":"template-home.php","meta":{"footnotes":""},"class_list":["post-5","page","type-page","status-publish","hentry"],"post_mailing_queue_ids":[],"_links":{"self":[{"href":"https:\/\/mybeautytech.com\/vi\/wp-json\/wp\/v2\/pages\/5","targetHints":{"allow":["GET"]}}],"collection":[{"href":"https:\/\/mybeautytech.com\/vi\/wp-json\/wp\/v2\/pages"}],"about":[{"href":"https:\/\/mybeautytech.com\/vi\/wp-json\/wp\/v2\/types\/page"}],"author":[{"embeddable":true,"href":"https:\/\/mybeautytech.com\/vi\/wp-json\/wp\/v2\/users\/1"}],"replies":[{"embeddable":true,"href":"https:\/\/mybeautytech.com\/vi\/wp-json\/wp\/v2\/comments?post=5"}],"version-history":[{"count":75,"href":"https:\/\/mybeautytech.com\/vi\/wp-json\/wp\/v2\/pages\/5\/revisions"}],"predecessor-version":[{"id":2574,"href":"https:\/\/mybeautytech.com\/vi\/wp-json\/wp\/v2\/pages\/5\/revisions\/2574"}],"wp:attachment":[{"href":"https:\/\/mybeautytech.com\/vi\/wp-json\/wp\/v2\/media?parent=5"}],"curies":[{"name":"wp","href":"https:\/\/api.w.org\/{rel}","templated":true}]}}